{"id":1627,"date":"2022-09-29T10:05:56","date_gmt":"2022-09-29T08:05:56","guid":{"rendered":"https:\/\/kutlesa-zakula.com\/?page_id=1627"},"modified":"2022-12-31T17:13:23","modified_gmt":"2022-12-31T16:13:23","slug":"about-us","status":"publish","type":"page","link":"https:\/\/kutlesa-zakula.com\/en\/about-us\/","title":{"rendered":"About us"},"content":{"rendered":"<p>Law Firm Kutle\u0161a &amp; \u017dakula was established in 2021. by founding partners \u2013 attorneys Mirko Kutle\u0161a and Zoran \u017dakula.<\/p>\n<p>The founders of the company were formerly employed in a top tier law firm in Zagreb, where they acquired the comprehensive experience and in most fields of law: business law, corporate law, dispute resolution, civil law, labour law, real estate law, bankruptcy law, enforcement law, due diligence, and in purchase of claims.<\/p>\n<p>Our Law Firm is dedicated to continuous professional development and improvement &#8211; both founders completed post-graduate studies (LL.M.) at the E\u00f6tv\u00f6s Lor\u00e1nd University in Budapest, with specialization in the area of European law and international business law.<\/p>\n<p>Our goal is to promptly provide quality and comprehensive legal support to our clients in their daily business and business development, project management and dispute resolution. In our business we apply an interdisciplinary approach with coherent cooperation with renowned experts in various fields of business. In order to achieve the highest quality level of our services, we follow two basic principles of business: providing innovative legal solutions, while respecting the highest standards of professional ethics.<\/p>\n<p>We provide legal services in most fields of law, while also connecting clients with experts from other areas necessary for the development of their business: accounting services, surveyors, architects and designers, auditors, financial and tax experts.<\/p>\n<p>Our clients are domestic and foreign private persons and legal entities, who come from different business sectors: IT, tourism, construction, catering, cosmetics, transport, finance, health, social care, public service providers, debt collectors.<\/p>\n<p>Our employees are fluent English, while some of them use German and Italian. We provide our services in the Republic of Croatia and other Member States of the European Union, where we have a developed cooperation with renowned law firms.<\/p>\n","protected":false},"excerpt":{"rendered":"<p>Law Firm Kutle\u0161a &amp; \u017dakula was established in 2021. by founding partners \u2013 attorneys Mirko Kutle\u0161a and Zoran \u017dakula. The founders of the company were formerly employed in a top tier law firm in Zagreb, where they acquired the comprehensive experience and in most fields of law: business law, corporate law, dispute resolution, civil law, [&hellip;]<\/p>\n","protected":false},"author":2,"featured_media":0,"parent":0,"menu_order":0,"comment_status":"closed","ping_status":"closed","template":"page-onama.php","meta":{"_acf_changed":false,"footnotes":""},"class_list":["post-1627","page","type-page","status-publish","hentry"],"acf":[],"yoast_head":"<!-- This site is optimized with the Yoast SEO plugin v27.5 - https:\/\/yoast.com\/product\/yoast-seo-wordpress\/ -->\n<title>About us - Kutle\u0161a&amp;\u017dakula<\/title>\n<meta name=\"robots\" content=\"index, follow, max-snippet:-1, max-image-preview:large, max-video-preview:-1\" \/>\n<link rel=\"canonical\" href=\"https:\/\/kutlesa-zakula.com\/en\/about-us\/\" \/>\n<meta property=\"og:locale\" content=\"en_US\" \/>\n<meta property=\"og:type\" content=\"article\" \/>\n<meta property=\"og:title\" content=\"About us - Kutle\u0161a&amp;\u017dakula\" \/>\n<meta property=\"og:description\" content=\"Law Firm Kutle\u0161a &amp; \u017dakula was established in 2021. by founding partners \u2013 attorneys Mirko Kutle\u0161a and Zoran \u017dakula. The founders of the company were formerly employed in a top tier law firm in Zagreb, where they acquired the comprehensive experience and in most fields of law: business law, corporate law, dispute resolution, civil law, [&hellip;]\" \/>\n<meta property=\"og:url\" content=\"https:\/\/kutlesa-zakula.com\/en\/about-us\/\" \/>\n<meta property=\"og:site_name\" content=\"Kutle\u0161a&amp;\u017dakula\" \/>\n<meta property=\"article:modified_time\" content=\"2022-12-31T16:13:23+00:00\" \/>\n<meta name=\"twitter:card\" content=\"summary_large_image\" \/>\n<meta name=\"twitter:label1\" content=\"Est. reading time\" \/>\n\t<meta name=\"twitter:data1\" content=\"1 minute\" \/>\n<script type=\"application\/ld+json\" class=\"yoast-schema-graph\">{\"@context\":\"https:\\\/\\\/schema.org\",\"@graph\":[{\"@type\":\"WebPage\",\"@id\":\"https:\\\/\\\/kutlesa-zakula.com\\\/en\\\/about-us\\\/\",\"url\":\"https:\\\/\\\/kutlesa-zakula.com\\\/en\\\/about-us\\\/\",\"name\":\"About us - Kutle\u0161a&amp;\u017dakula\",\"isPartOf\":{\"@id\":\"https:\\\/\\\/kutlesa-zakula.com\\\/#website\"},\"datePublished\":\"2022-09-29T08:05:56+00:00\",\"dateModified\":\"2022-12-31T16:13:23+00:00\",\"breadcrumb\":{\"@id\":\"https:\\\/\\\/kutlesa-zakula.com\\\/en\\\/about-us\\\/#breadcrumb\"},\"inLanguage\":\"en-US\",\"potentialAction\":[{\"@type\":\"ReadAction\",\"target\":[\"https:\\\/\\\/kutlesa-zakula.com\\\/en\\\/about-us\\\/\"]}]},{\"@type\":\"BreadcrumbList\",\"@id\":\"https:\\\/\\\/kutlesa-zakula.com\\\/en\\\/about-us\\\/#breadcrumb\",\"itemListElement\":[{\"@type\":\"ListItem\",\"position\":1,\"name\":\"Po\u010detna stranica\",\"item\":\"https:\\\/\\\/kutlesa-zakula.com\\\/en\\\/\"},{\"@type\":\"ListItem\",\"position\":2,\"name\":\"About us\"}]},{\"@type\":\"WebSite\",\"@id\":\"https:\\\/\\\/kutlesa-zakula.com\\\/#website\",\"url\":\"https:\\\/\\\/kutlesa-zakula.com\\\/\",\"name\":\"Kutle\u0161a i \u017dakula\",\"description\":\"Odvjetni\u010dko dru\u0161tvo\",\"publisher\":{\"@id\":\"https:\\\/\\\/kutlesa-zakula.com\\\/#organization\"},\"potentialAction\":[{\"@type\":\"SearchAction\",\"target\":{\"@type\":\"EntryPoint\",\"urlTemplate\":\"https:\\\/\\\/kutlesa-zakula.com\\\/?s={search_term_string}\"},\"query-input\":{\"@type\":\"PropertyValueSpecification\",\"valueRequired\":true,\"valueName\":\"search_term_string\"}}],\"inLanguage\":\"en-US\"},{\"@type\":\"Organization\",\"@id\":\"https:\\\/\\\/kutlesa-zakula.com\\\/#organization\",\"name\":\"Kutle\u0161a i \u017dakula\",\"url\":\"https:\\\/\\\/kutlesa-zakula.com\\\/\",\"logo\":{\"@type\":\"ImageObject\",\"inLanguage\":\"en-US\",\"@id\":\"https:\\\/\\\/kutlesa-zakula.com\\\/#\\\/schema\\\/logo\\\/image\\\/\",\"url\":\"https:\\\/\\\/kutlesa-zakula.com\\\/wp-content\\\/uploads\\\/2022\\\/12\\\/logo.png\",\"contentUrl\":\"https:\\\/\\\/kutlesa-zakula.com\\\/wp-content\\\/uploads\\\/2022\\\/12\\\/logo.png\",\"width\":262,\"height\":75,\"caption\":\"Kutle\u0161a i \u017dakula\"},\"image\":{\"@id\":\"https:\\\/\\\/kutlesa-zakula.com\\\/#\\\/schema\\\/logo\\\/image\\\/\"}}]}<\/script>\n<!-- \/ Yoast SEO plugin. -->","yoast_head_json":{"title":"About us - Kutle\u0161a&amp;\u017dakula","robots":{"index":"index","follow":"follow","max-snippet":"max-snippet:-1","max-image-preview":"max-image-preview:large","max-video-preview":"max-video-preview:-1"},"canonical":"https:\/\/kutlesa-zakula.com\/en\/about-us\/","og_locale":"en_US","og_type":"article","og_title":"About us - Kutle\u0161a&amp;\u017dakula","og_description":"Law Firm Kutle\u0161a &amp; \u017dakula was established in 2021. by founding partners \u2013 attorneys Mirko Kutle\u0161a and Zoran \u017dakula. The founders of the company were formerly employed in a top tier law firm in Zagreb, where they acquired the comprehensive experience and in most fields of law: business law, corporate law, dispute resolution, civil law, [&hellip;]","og_url":"https:\/\/kutlesa-zakula.com\/en\/about-us\/","og_site_name":"Kutle\u0161a&amp;\u017dakula","article_modified_time":"2022-12-31T16:13:23+00:00","twitter_card":"summary_large_image","twitter_misc":{"Est. reading time":"1 minute"},"schema":{"@context":"https:\/\/schema.org","@graph":[{"@type":"WebPage","@id":"https:\/\/kutlesa-zakula.com\/en\/about-us\/","url":"https:\/\/kutlesa-zakula.com\/en\/about-us\/","name":"About us - Kutle\u0161a&amp;\u017dakula","isPartOf":{"@id":"https:\/\/kutlesa-zakula.com\/#website"},"datePublished":"2022-09-29T08:05:56+00:00","dateModified":"2022-12-31T16:13:23+00:00","breadcrumb":{"@id":"https:\/\/kutlesa-zakula.com\/en\/about-us\/#breadcrumb"},"inLanguage":"en-US","potentialAction":[{"@type":"ReadAction","target":["https:\/\/kutlesa-zakula.com\/en\/about-us\/"]}]},{"@type":"BreadcrumbList","@id":"https:\/\/kutlesa-zakula.com\/en\/about-us\/#breadcrumb","itemListElement":[{"@type":"ListItem","position":1,"name":"Po\u010detna stranica","item":"https:\/\/kutlesa-zakula.com\/en\/"},{"@type":"ListItem","position":2,"name":"About us"}]},{"@type":"WebSite","@id":"https:\/\/kutlesa-zakula.com\/#website","url":"https:\/\/kutlesa-zakula.com\/","name":"Kutle\u0161a i \u017dakula","description":"Odvjetni\u010dko dru\u0161tvo","publisher":{"@id":"https:\/\/kutlesa-zakula.com\/#organization"},"potentialAction":[{"@type":"SearchAction","target":{"@type":"EntryPoint","urlTemplate":"https:\/\/kutlesa-zakula.com\/?s={search_term_string}"},"query-input":{"@type":"PropertyValueSpecification","valueRequired":true,"valueName":"search_term_string"}}],"inLanguage":"en-US"},{"@type":"Organization","@id":"https:\/\/kutlesa-zakula.com\/#organization","name":"Kutle\u0161a i \u017dakula","url":"https:\/\/kutlesa-zakula.com\/","logo":{"@type":"ImageObject","inLanguage":"en-US","@id":"https:\/\/kutlesa-zakula.com\/#\/schema\/logo\/image\/","url":"https:\/\/kutlesa-zakula.com\/wp-content\/uploads\/2022\/12\/logo.png","contentUrl":"https:\/\/kutlesa-zakula.com\/wp-content\/uploads\/2022\/12\/logo.png","width":262,"height":75,"caption":"Kutle\u0161a i \u017dakula"},"image":{"@id":"https:\/\/kutlesa-zakula.com\/#\/schema\/logo\/image\/"}}]}},"_links":{"self":[{"href":"https:\/\/kutlesa-zakula.com\/en\/wp-json\/wp\/v2\/pages\/1627","targetHints":{"allow":["GET"]}}],"collection":[{"href":"https:\/\/kutlesa-zakula.com\/en\/wp-json\/wp\/v2\/pages"}],"about":[{"href":"https:\/\/kutlesa-zakula.com\/en\/wp-json\/wp\/v2\/types\/page"}],"author":[{"embeddable":true,"href":"https:\/\/kutlesa-zakula.com\/en\/wp-json\/wp\/v2\/users\/2"}],"replies":[{"embeddable":true,"href":"https:\/\/kutlesa-zakula.com\/en\/wp-json\/wp\/v2\/comments?post=1627"}],"version-history":[{"count":4,"href":"https:\/\/kutlesa-zakula.com\/en\/wp-json\/wp\/v2\/pages\/1627\/revisions"}],"predecessor-version":[{"id":1829,"href":"https:\/\/kutlesa-zakula.com\/en\/wp-json\/wp\/v2\/pages\/1627\/revisions\/1829"}],"wp:attachment":[{"href":"https:\/\/kutlesa-zakula.com\/en\/wp-json\/wp\/v2\/media?parent=1627"}],"curies":[{"name":"wp","href":"https:\/\/api.w.org\/{rel}","templated":true}]}}